{"id":2015,"date":"2026-05-07T03:53:49","date_gmt":"2026-05-07T03:53:49","guid":{"rendered":"https:\/\/www.alomercadeo.com\/?page_id=2015"},"modified":"2026-05-07T03:53:50","modified_gmt":"2026-05-07T03:53:50","slug":"sesion-de-claridad","status":"publish","type":"page","link":"https:\/\/www.alomercadeo.com\/en\/sesion-de-claridad\/","title":{"rendered":"Sesi\u00f3n de Claridad"},"content":{"rendered":"","protected":false},"excerpt":{"rendered":"","protected":false},"author":1,"featured_media":0,"parent":0,"menu_order":0,"comment_status":"closed","ping_status":"closed","template":"","meta":{"footnotes":""},"class_list":["post-2015","page","type-page","status-publish","hentry"],"yoast_head":"<!-- This site is optimized with the Yoast SEO plugin v27.5 - https:\/\/yoast.com\/product\/yoast-seo-wordpress\/ -->\n<title>Sesi\u00f3n de Claridad - Alo Mercadeo<\/title>\n<meta name=\"description\" content=\"Acompa\u00f1amiento estrat\u00e9gico para mujeres profesionales que quieren emprender bien. Claridad, estructura y una identidad visual que te represente.\" \/>\n<meta name=\"robots\" content=\"index, follow, max-snippet:-1, max-image-preview:large, max-video-preview:-1\" \/>\n<link rel=\"canonical\" href=\"https:\/\/www.alomercadeo.com\/en\/sesion-de-claridad\/\" \/>\n<meta property=\"og:locale\" content=\"en_US\" \/>\n<meta property=\"og:type\" content=\"article\" \/>\n<meta property=\"og:title\" content=\"Sesi\u00f3n de Claridad - Alo Mercadeo\" \/>\n<meta property=\"og:description\" content=\"Acompa\u00f1amiento estrat\u00e9gico para mujeres profesionales que quieren emprender bien. Claridad, estructura y una identidad visual que te represente.\" \/>\n<meta property=\"og:url\" content=\"https:\/\/www.alomercadeo.com\/en\/sesion-de-claridad\/\" \/>\n<meta property=\"og:site_name\" content=\"Alo Mercadeo\" \/>\n<meta property=\"article:publisher\" content=\"https:\/\/www.facebook.com\/AloMercadeo\" \/>\n<meta property=\"article:modified_time\" content=\"2026-05-07T03:53:50+00:00\" \/>\n<meta property=\"og:image\" content=\"https:\/\/www.alomercadeo.com\/wp-content\/uploads\/2026\/05\/og-image.avif\" \/>\n\t<meta property=\"og:image:width\" content=\"1200\" \/>\n\t<meta property=\"og:image:height\" content=\"630\" \/>\n\t<meta property=\"og:image:type\" content=\"image\/png\" \/>\n<meta name=\"twitter:card\" content=\"summary_large_image\" \/>\n<script type=\"application\/ld+json\" class=\"yoast-schema-graph\">{\"@context\":\"https:\\\/\\\/schema.org\",\"@graph\":[{\"@type\":\"WebPage\",\"@id\":\"https:\\\/\\\/www.alomercadeo.com\\\/sesion-de-claridad\\\/\",\"url\":\"https:\\\/\\\/www.alomercadeo.com\\\/sesion-de-claridad\\\/\",\"name\":\"Sesi\u00f3n de Claridad - Alo Mercadeo\",\"isPartOf\":{\"@id\":\"https:\\\/\\\/www.alomercadeo.com\\\/#website\"},\"datePublished\":\"2026-05-07T03:53:49+00:00\",\"dateModified\":\"2026-05-07T03:53:50+00:00\",\"description\":\"Acompa\u00f1amiento estrat\u00e9gico para mujeres profesionales que quieren emprender bien. Claridad, estructura y una identidad visual que te represente.\",\"breadcrumb\":{\"@id\":\"https:\\\/\\\/www.alomercadeo.com\\\/sesion-de-claridad\\\/#breadcrumb\"},\"inLanguage\":\"en-US\",\"potentialAction\":[{\"@type\":\"ReadAction\",\"target\":[\"https:\\\/\\\/www.alomercadeo.com\\\/sesion-de-claridad\\\/\"]}]},{\"@type\":\"BreadcrumbList\",\"@id\":\"https:\\\/\\\/www.alomercadeo.com\\\/sesion-de-claridad\\\/#breadcrumb\",\"itemListElement\":[{\"@type\":\"ListItem\",\"position\":1,\"name\":\"Home\",\"item\":\"https:\\\/\\\/www.alomercadeo.com\\\/\"},{\"@type\":\"ListItem\",\"position\":2,\"name\":\"Sesi\u00f3n de Claridad\"}]},{\"@type\":\"WebSite\",\"@id\":\"https:\\\/\\\/www.alomercadeo.com\\\/#website\",\"url\":\"https:\\\/\\\/www.alomercadeo.com\\\/\",\"name\":\"Alo Mercadeo\",\"description\":\"Estrategia de marca para mujeres que quieren emprender con claridad\",\"publisher\":{\"@id\":\"https:\\\/\\\/www.alomercadeo.com\\\/#organization\"},\"potentialAction\":[{\"@type\":\"SearchAction\",\"target\":{\"@type\":\"EntryPoint\",\"urlTemplate\":\"https:\\\/\\\/www.alomercadeo.com\\\/?s={search_term_string}\"},\"query-input\":{\"@type\":\"PropertyValueSpecification\",\"valueRequired\":true,\"valueName\":\"search_term_string\"}}],\"inLanguage\":\"en-US\"},{\"@type\":\"Organization\",\"@id\":\"https:\\\/\\\/www.alomercadeo.com\\\/#organization\",\"name\":\"Alo Mercadeo\",\"url\":\"https:\\\/\\\/www.alomercadeo.com\\\/\",\"logo\":{\"@type\":\"ImageObject\",\"inLanguage\":\"en-US\",\"@id\":\"https:\\\/\\\/www.alomercadeo.com\\\/#\\\/schema\\\/logo\\\/image\\\/\",\"url\":\"https:\\\/\\\/www.alomercadeo.com\\\/wp-content\\\/uploads\\\/2026\\\/05\\\/Logotipo-Alo-Mercadeo.avif\",\"contentUrl\":\"https:\\\/\\\/www.alomercadeo.com\\\/wp-content\\\/uploads\\\/2026\\\/05\\\/Logotipo-Alo-Mercadeo.avif\",\"width\":600,\"height\":200,\"caption\":\"Alo Mercadeo\"},\"image\":{\"@id\":\"https:\\\/\\\/www.alomercadeo.com\\\/#\\\/schema\\\/logo\\\/image\\\/\"},\"sameAs\":[\"https:\\\/\\\/www.facebook.com\\\/AloMercadeo\",\"https:\\\/\\\/www.instagram.com\\\/alomercadeo\\\/\"]}]}<\/script>\n<!-- \/ Yoast SEO plugin. -->","yoast_head_json":{"title":"Sesi\u00f3n de Claridad - Alo Mercadeo","description":"Acompa\u00f1amiento estrat\u00e9gico para mujeres profesionales que quieren emprender bien. Claridad, estructura y una identidad visual que te represente.","robots":{"index":"index","follow":"follow","max-snippet":"max-snippet:-1","max-image-preview":"max-image-preview:large","max-video-preview":"max-video-preview:-1"},"canonical":"https:\/\/www.alomercadeo.com\/en\/sesion-de-claridad\/","og_locale":"en_US","og_type":"article","og_title":"Sesi\u00f3n de Claridad - Alo Mercadeo","og_description":"Acompa\u00f1amiento estrat\u00e9gico para mujeres profesionales que quieren emprender bien. Claridad, estructura y una identidad visual que te represente.","og_url":"https:\/\/www.alomercadeo.com\/en\/sesion-de-claridad\/","og_site_name":"Alo Mercadeo","article_publisher":"https:\/\/www.facebook.com\/AloMercadeo","article_modified_time":"2026-05-07T03:53:50+00:00","og_image":[{"width":1200,"height":630,"url":"https:\/\/www.alomercadeo.com\/wp-content\/uploads\/2026\/05\/og-image.avif","type":"image\/png"}],"twitter_card":"summary_large_image","schema":{"@context":"https:\/\/schema.org","@graph":[{"@type":"WebPage","@id":"https:\/\/www.alomercadeo.com\/sesion-de-claridad\/","url":"https:\/\/www.alomercadeo.com\/sesion-de-claridad\/","name":"Sesi\u00f3n de Claridad - Alo Mercadeo","isPartOf":{"@id":"https:\/\/www.alomercadeo.com\/#website"},"datePublished":"2026-05-07T03:53:49+00:00","dateModified":"2026-05-07T03:53:50+00:00","description":"Acompa\u00f1amiento estrat\u00e9gico para mujeres profesionales que quieren emprender bien. Claridad, estructura y una identidad visual que te represente.","breadcrumb":{"@id":"https:\/\/www.alomercadeo.com\/sesion-de-claridad\/#breadcrumb"},"inLanguage":"en-US","potentialAction":[{"@type":"ReadAction","target":["https:\/\/www.alomercadeo.com\/sesion-de-claridad\/"]}]},{"@type":"BreadcrumbList","@id":"https:\/\/www.alomercadeo.com\/sesion-de-claridad\/#breadcrumb","itemListElement":[{"@type":"ListItem","position":1,"name":"Home","item":"https:\/\/www.alomercadeo.com\/"},{"@type":"ListItem","position":2,"name":"Sesi\u00f3n de Claridad"}]},{"@type":"WebSite","@id":"https:\/\/www.alomercadeo.com\/#website","url":"https:\/\/www.alomercadeo.com\/","name":"Alo Mercadeo","description":"Estrategia de marca para mujeres que quieren emprender con claridad","publisher":{"@id":"https:\/\/www.alomercadeo.com\/#organization"},"potentialAction":[{"@type":"SearchAction","target":{"@type":"EntryPoint","urlTemplate":"https:\/\/www.alomercadeo.com\/?s={search_term_string}"},"query-input":{"@type":"PropertyValueSpecification","valueRequired":true,"valueName":"search_term_string"}}],"inLanguage":"en-US"},{"@type":"Organization","@id":"https:\/\/www.alomercadeo.com\/#organization","name":"Alo Mercadeo","url":"https:\/\/www.alomercadeo.com\/","logo":{"@type":"ImageObject","inLanguage":"en-US","@id":"https:\/\/www.alomercadeo.com\/#\/schema\/logo\/image\/","url":"https:\/\/www.alomercadeo.com\/wp-content\/uploads\/2026\/05\/Logotipo-Alo-Mercadeo.avif","contentUrl":"https:\/\/www.alomercadeo.com\/wp-content\/uploads\/2026\/05\/Logotipo-Alo-Mercadeo.avif","width":600,"height":200,"caption":"Alo Mercadeo"},"image":{"@id":"https:\/\/www.alomercadeo.com\/#\/schema\/logo\/image\/"},"sameAs":["https:\/\/www.facebook.com\/AloMercadeo","https:\/\/www.instagram.com\/alomercadeo\/"]}]}},"_links":{"self":[{"href":"https:\/\/www.alomercadeo.com\/en\/wp-json\/wp\/v2\/pages\/2015","targetHints":{"allow":["GET"]}}],"collection":[{"href":"https:\/\/www.alomercadeo.com\/en\/wp-json\/wp\/v2\/pages"}],"about":[{"href":"https:\/\/www.alomercadeo.com\/en\/wp-json\/wp\/v2\/types\/page"}],"author":[{"embeddable":true,"href":"https:\/\/www.alomercadeo.com\/en\/wp-json\/wp\/v2\/users\/1"}],"replies":[{"embeddable":true,"href":"https:\/\/www.alomercadeo.com\/en\/wp-json\/wp\/v2\/comments?post=2015"}],"version-history":[{"count":1,"href":"https:\/\/www.alomercadeo.com\/en\/wp-json\/wp\/v2\/pages\/2015\/revisions"}],"predecessor-version":[{"id":2016,"href":"https:\/\/www.alomercadeo.com\/en\/wp-json\/wp\/v2\/pages\/2015\/revisions\/2016"}],"wp:attachment":[{"href":"https:\/\/www.alomercadeo.com\/en\/wp-json\/wp\/v2\/media?parent=2015"}],"curies":[{"name":"wp","href":"https:\/\/api.w.org\/{rel}","templated":true}]}}